{"id":10,"date":"2013-03-19T17:12:55","date_gmt":"2013-03-19T15:12:55","guid":{"rendered":"https:\/\/agiakyriaki.gr\/?page_id=10"},"modified":"2018-01-30T14:05:57","modified_gmt":"2018-01-30T12:05:57","slug":"guestbook","status":"publish","type":"page","link":"https:\/\/agiakyriaki.gr\/de\/guestbook\/","title":{"rendered":"Guestbook"},"content":{"rendered":"<p>Lesen Sie, was er f\u00fcr unsere G\u00e4ste geschrieben. Lassen, wenn Sie Ihre eigene Botschaft m\u00f6chten, bitte teilen Sie Ihre Erfahrung in Agia Kyriaki.<\/p>","protected":false},"excerpt":{"rendered":"<p>Lesen Sie, was er f\u00fcr unsere G\u00e4ste geschrieben. Lassen, wenn Sie Ihre eigene Botschaft m\u00f6chten, bitte teilen Sie Ihre Erfahrung in Agia Kyriaki.<\/p>\n","protected":false},"author":1,"featured_media":536,"parent":0,"menu_order":0,"comment_status":"open","ping_status":"closed","template":"","meta":{"_acf_changed":false,"footnotes":""},"class_list":["post-10","page","type-page","status-publish","has-post-thumbnail","hentry"],"acf":[],"_links":{"self":[{"href":"https:\/\/agiakyriaki.gr\/de\/wp-json\/wp\/v2\/pages\/10","targetHints":{"allow":["GET"]}}],"collection":[{"href":"https:\/\/agiakyriaki.gr\/de\/wp-json\/wp\/v2\/pages"}],"about":[{"href":"https:\/\/agiakyriaki.gr\/de\/wp-json\/wp\/v2\/types\/page"}],"author":[{"embeddable":true,"href":"https:\/\/agiakyriaki.gr\/de\/wp-json\/wp\/v2\/users\/1"}],"replies":[{"embeddable":true,"href":"https:\/\/agiakyriaki.gr\/de\/wp-json\/wp\/v2\/comments?post=10"}],"version-history":[{"count":2,"href":"https:\/\/agiakyriaki.gr\/de\/wp-json\/wp\/v2\/pages\/10\/revisions"}],"predecessor-version":[{"id":537,"href":"https:\/\/agiakyriaki.gr\/de\/wp-json\/wp\/v2\/pages\/10\/revisions\/537"}],"wp:featuredmedia":[{"embeddable":true,"href":"https:\/\/agiakyriaki.gr\/de\/wp-json\/wp\/v2\/media\/536"}],"wp:attachment":[{"href":"https:\/\/agiakyriaki.gr\/de\/wp-json\/wp\/v2\/media?parent=10"}],"curies":[{"name":"wp","href":"https:\/\/api.w.org\/{rel}","templated":true}]}}